{"id":79,"date":"2025-10-10T06:54:48","date_gmt":"2025-10-10T06:54:48","guid":{"rendered":"http:\/\/www.osmancaner.com\/?page_id=79"},"modified":"2025-10-10T18:05:54","modified_gmt":"2025-10-10T18:05:54","slug":"herkes-yasam-kocu-olabilir-mi","status":"publish","type":"page","link":"https:\/\/www.osmancaner.com\/index.php\/herkes-yasam-kocu-olabilir-mi\/","title":{"rendered":"Herkes ya\u015fam ko\u00e7u olabilir mi?"},"content":{"rendered":"\n<p>Herkes ya\u015fam ko\u00e7u olabilir mi?<\/p>\n\n\n\n<p><strong>Herkes Ya\u015fam Ko\u00e7u Olabilir mi<\/strong>? \u0130steyen <strong>herkes ya\u015fam ko\u00e7u olabilir<\/strong>. <strong>Ya\u015fam ko\u00e7u<\/strong> olmak i\u00e7in \u00f6zellikle mezun olmak gereken bir b\u00f6l\u00fcm yoktur. Ko\u00e7luk becerilerine sahip olan ki\u015filer, <strong>ya\u015fam ko\u00e7lu\u011fu<\/strong> e\u011fitimi ve sertifika alarak <strong>ya\u015fam ko\u00e7u<\/strong> \u00fcnvan\u0131yla <strong>ya\u015fam ko\u00e7lu\u011fu<\/strong> hizmeti verebilirler.<\/p>\n\n\n\n<figure class=\"wp-block-image size-full is-resized\"><img loading=\"lazy\" decoding=\"async\" width=\"275\" height=\"183\" src=\"https:\/\/www.osmancaner.com\/wp-content\/uploads\/2025\/10\/kocluk.jpg\" alt=\"\" class=\"wp-image-17\" style=\"width:343px;height:auto\"\/><\/figure>\n","protected":false},"excerpt":{"rendered":"<p>Herkes ya\u015fam ko\u00e7u olabilir mi? Herkes Ya\u015fam Ko\u00e7u Olabilir mi? \u0130steyen herkes ya\u015fam ko\u00e7u olabilir. Ya\u015fam ko\u00e7u olmak i\u00e7in \u00f6zellikle mezun olmak gereken bir b\u00f6l\u00fcm yoktur. Ko\u00e7luk becerilerine sahip olan ki\u015filer, ya\u015fam ko\u00e7lu\u011fu e\u011fitimi ve sertifika alarak ya\u015fam ko\u00e7u \u00fcnvan\u0131yla ya\u015fam ko\u00e7lu\u011fu hizmeti verebilirler.<\/p>\n","protected":false},"author":1,"featured_media":0,"parent":0,"menu_order":0,"comment_status":"closed","ping_status":"closed","template":"","meta":{"footnotes":""},"class_list":["post-79","page","type-page","status-publish","hentry"],"_links":{"self":[{"href":"https:\/\/www.osmancaner.com\/index.php\/wp-json\/wp\/v2\/pages\/79","targetHints":{"allow":["GET"]}}],"collection":[{"href":"https:\/\/www.osmancaner.com\/index.php\/wp-json\/wp\/v2\/pages"}],"about":[{"href":"https:\/\/www.osmancaner.com\/index.php\/wp-json\/wp\/v2\/types\/page"}],"author":[{"embeddable":true,"href":"https:\/\/www.osmancaner.com\/index.php\/wp-json\/wp\/v2\/users\/1"}],"replies":[{"embeddable":true,"href":"https:\/\/www.osmancaner.com\/index.php\/wp-json\/wp\/v2\/comments?post=79"}],"version-history":[{"count":2,"href":"https:\/\/www.osmancaner.com\/index.php\/wp-json\/wp\/v2\/pages\/79\/revisions"}],"predecessor-version":[{"id":84,"href":"https:\/\/www.osmancaner.com\/index.php\/wp-json\/wp\/v2\/pages\/79\/revisions\/84"}],"wp:attachment":[{"href":"https:\/\/www.osmancaner.com\/index.php\/wp-json\/wp\/v2\/media?parent=79"}],"curies":[{"name":"wp","href":"https:\/\/api.w.org\/{rel}","templated":true}]}}