{"id":76,"date":"2025-10-10T06:53:57","date_gmt":"2025-10-10T06:53:57","guid":{"rendered":"http:\/\/www.osmancaner.com\/?page_id=76"},"modified":"2025-10-10T09:43:27","modified_gmt":"2025-10-10T09:43:27","slug":"yasam-kocuna-kimler-gider","status":"publish","type":"page","link":"https:\/\/www.osmancaner.com\/index.php\/yasam-kocuna-kimler-gider\/","title":{"rendered":"Ya\u015fam ko\u00e7una kimler gider?"},"content":{"rendered":"\n<p><strong>Ya\u015fam ko\u00e7una kimler gider?<\/strong><\/p>\n\n\n\n<p>S\u0131k\u0131lm\u0131\u015f, bunalm\u0131\u015f, ayn\u0131 sonu\u00e7lardan b\u0131km\u0131\u015f ki\u015filer, Kendini ger\u00e7ekle\u015ftirmek ve yat\u0131r\u0131m yapmak isteyenler, Bir \u015feyleri de\u011fi\u015ftirmek isteyen, ancak de\u011fi\u015ftirecekleri \u015feyi bulamayanlar, Duygular\u0131na hakim olmak ve potansiyelinin fark\u0131na varmak isteyen ki\u015filer, <strong>ya\u015fam ko\u00e7una gider<\/strong>.<\/p>\n\n\n\n<h5 class=\"wp-block-heading\">KONU\u015eMA BOZUKLUKLARI VE NEDENLER\u0130<\/h5>\n\n\n\n<p>Kekemelik, konu\u015fma esnas\u0131nda kelimeler aras\u0131nda duraksamalar, hecelerin uzat\u0131lmas\u0131 ve tekrarlanmas\u0131 ile ortaya \u00e7\u0131kan konu\u015fma ak\u0131\u015f\u0131nda meydana gelen bir bozukluktur. Kekemeler ne s\u00f6yleyeceklerini bilirler ancak bunu eyleme d\u00f6kmekte zorlan\u0131rlar. Genelde c\u00fcmlelerini tamamla namazlar. \u0130leri d\u00f6nemlerde konu\u015fmak i\u00e7in \u00e7abalama esnas\u0131nda de\u011fi\u015fik v\u00fccut hareketleri de bu soruna eklenebilir. Bu sorun 2-5 ya\u015f aras\u0131nda ortaya \u00e7\u0131kar. Kekemelik \u00e7ocukta kendili\u011finden d\u00fczelir bildi\u011fi gibi&nbsp;<\/p>\n\n\n\n<h5 class=\"wp-block-heading\">KEKEMEL\u0130K VE TEDAV\u0130S\u0130<\/h5>\n\n\n\n<p>Kekemelik, konu\u015fma esnas\u0131nda kelimeler aras\u0131nda duraksamalar, hecelerin uzat\u0131lmas\u0131 ve tekrarlanmas\u0131 ile ortaya \u00e7\u0131kan konu\u015fma ak\u0131\u015f\u0131nda meydana gelen bir bozukluktur. Kekemeler ne s\u00f6yleyeceklerini bilirler ancak bunu eyleme d\u00f6kmekte zorlan\u0131rlar. Genelde c\u00fcmlelerini tamamla namazlar. \u0130leri d\u00f6nemlerde konu\u015fmak i\u00e7in \u00e7abalama esnas\u0131nda de\u011fi\u015fik v\u00fccut hareketleri de bu soruna eklenebilir. Bu sorun 2-5 ya\u015f aras\u0131nda ortaya \u00e7\u0131kar. Kekemelik \u00e7ocukta kendili\u011finden d\u00fczelir bildi\u011fi gibi<\/p>\n\n\n\n<h5 class=\"wp-block-heading\">YA\u015eAM KO\u00c7LU\u011eU VEYA K\u0130\u015e\u0130SEL GEL\u0130\u015e\u0130M UZMANI NED\u0130R?<\/h5>\n\n\n\n<p>Ya\u015fam ko\u00e7u, hedeflerinizi ger\u00e7ekle\u015ftirmek i\u00e7in size rehberlik eden, hedefe odaklanmam\u0131z\u0131 sa\u011flayan, motivasyonunuzu artt\u0131rmaya yard\u0131mc\u0131 olan, sizi yarg\u0131lamadan dinleyerek, ula\u015fmak istedi\u011finiz sonu\u00e7lara ula\u015fman\u0131z\u0131 sa\u011flayan ki\u015filerdir. YA\u015eAM KO\u00c7UNUN PS\u0130KOLOGDAN FARKI NED\u0130R? Psikolojik problemleri olanlar psikolo\u011fa gider ama psikolojik sorunu olmayan insanlar\u0131n da deste\u011fe ihtiyac\u0131 olabilir. \u0130\u015fte ya\u015fam ko\u00e7u bu ki\u015filer i\u00e7in vard\u0131r. Psikolog, psikolojik sorunlar\u0131n\u0131n \u00e7\u00f6z\u00fcm\u00fcne yard\u0131mc\u0131 olur;<\/p>\n\n\n\n<p><strong>PAN\u0130K ATAK VE TEDAV\u0130S\u0130 \u0130\u00c7\u0130N YAPILMASI GEREKENLER<\/strong><\/p>\n\n\n\n<p>Bir sebep olmaks\u0131z\u0131n, aniden ortaya \u00e7\u0131kan, zaman zaman g\u00f6r\u00fclebilen, k\u00f6t\u00fc bir \u015fey olacakm\u0131\u015f hissi uyand\u0131ran korku ayaklar\u0131d\u0131r. Panik atak aniden ba\u015flar, yakla\u015f\u0131k on dakika i\u00e7erisinde en \u015fiddetli seviyesine ula\u015f\u0131r ve genelde bir saat i\u00e7erisinde kaybolur. Bu d\u00f6nemde ki\u015fide nefes alamama, kalp \u00e7arp\u0131nt\u0131s\u0131, terleme, titreme, g\u00f6g\u00fcs a\u011fr\u0131s\u0131, ba\u015f d\u00f6nmesi, mide bulant\u0131s\u0131, bay\u0131lma hissi, ellerde ayaklarda uyu\u015fma ve kar\u0131ncalanma<a href=\"https:\/\/kubrademirbag.com\/panik-atak-ve-tedavisi-icin-yapilmasi-gerekenler.html\">&nbsp;<\/a><\/p>\n\n\n\n<h5 class=\"wp-block-heading\">PRP TEDAV\u0130S\u0130; DOKU GEN\u00c7LE\u015eT\u0130RMEDE G\u00dcNCEL SE\u00c7ENEK<\/h5>\n\n\n\n<p>PRP (plazma reach platelet) tedavisi g\u00fcn\u00fcm\u00fcz t\u0131bb\u0131n\u0131n bir\u00e7ok alan\u0131nda doku hasar\u0131n\u0131 d\u00fczeltip yenileme amac\u0131yla bir\u00e7ok bran\u015fta kullan\u0131lmaktad\u0131r. Bu tedavi i\u00e7in hastadan kan al\u0131n\u0131r. Al\u0131nan kan prp santrif\u00fcj cihaz\u0131 ile i\u015fleme tabi tutulur. \u0130\u015flemde kan\u0131n trombosit h\u00fccreleri i\u00e7eren k\u0131sm\u0131 ayr\u0131\u015ft\u0131r\u0131l\u0131r. Trombosit h\u00fccrelerinin \u00f6zelli\u011fi v\u00fccudumuzda nereye enjekte edilirse oradaki hasar\u0131 d\u00fczeltip o b\u00f6lgeyi gen\u00e7le\u015ftirmesidir. Elde edilen bu trombositten&nbsp;<\/p>\n\n\n\n<h5 class=\"wp-block-heading\">\u00d6FKE VE \u00d6FKE KONTROL\u00dc<\/h5>\n\n\n\n<p>\u00d6fke, heyecan, \u00fcz\u00fcnt\u00fc, mutluluk gibi do\u011fal bir duygudur. Bu duygu kontrol alt\u0131nda tutulmas\u0131 \u00f6fke patlamas\u0131 meydana gelir. Hi\u00e7bir \u015feye \u00f6fkelenmemek normal bir duygu olmad\u0131\u011f\u0131 gibi \u00f6fkenin kontrol\u00fcn\u00fcn yap\u0131lamamas\u0131 da normal de\u011fildir. &nbsp;\u00d6fke kontrol alt\u0131na al\u0131nmazsa ki\u015fi ve \u00e7evresindekiler i\u00e7in telafisi m\u00fcmk\u00fcn olmayan zararlara sebep olabilir. \u00d6fke kontrol\u00fc \u00e7ocukluktan itibaren aileden \u00f6\u011frenilebilece\u011fi gibi, yeti\u015fkinlerde e\u011fitimle de sonradan kazan\u0131labilen<\/p>\n\n\n\n<h5 class=\"wp-block-heading\">ERGENL\u0130K D\u00d6NEM\u0130 VE A\u0130LELERE D\u00dc\u015eEN G\u00d6REVLER<\/h5>\n\n\n\n<p>T\u0131p dilinde puberte veya adolesans da denilen ergenlik d\u00f6nemi k\u0131saca \u00e7ocukluktan yeti\u015fkinli\u011fe ge\u00e7i\u015f d\u00f6nemidir. Bu d\u00f6neme halk dilinde b\u00fclu\u011f \u00e7a\u011f\u0131 da denilir. Puberte d\u00f6neminin \u00f6zelli\u011fi psikolojik ve fizyolojik de\u011fi\u015fikliklerin olmas\u0131d\u0131r. Ergenlik d\u00f6nemindeki bu de\u011fi\u015fiklikler erkek ve k\u0131zlar\u0131n hormon seviyelerindeki de\u011fi\u015fikliklerin neticesinde meydana gelir. Yap\u0131lan bilimsel \u00e7al\u0131\u015fmalarda genelde k\u0131zlarda 9-13, erkeklerde ise 10-15 ya\u015flar\u0131nda ba\u015flad\u0131\u011f\u0131 bildirilmi\u015ftir. Ergenlik \u00e7a\u011f\u0131<\/p>\n\n\n\n<h5 class=\"wp-block-heading\">S\u0130ST\u0130T VE BALAYI S\u0130ST\u0130T\u0130<\/h5>\n\n\n\n<p>Mesane denilen idrar torbas\u0131n\u0131n mikrobik ajanlarla ya da kimyasal maddelerle iltihaplanmas\u0131na sistit denir. Sistit daha \u00e7ok bayanlarda g\u00f6r\u00fclen bir hastal\u0131kt\u0131r. Sistit hastal\u0131\u011f\u0131nda idrar yaparken yanma, a\u011fr\u0131, s\u0131k idrara gitme, bulan\u0131k idrar yapma, idrarda koku, kas\u0131k a\u011fr\u0131s\u0131, g\u00f6bek alt\u0131nda a\u011fr\u0131, hassasiyet, devaml\u0131 idrar var hissi ve idrarda kan g\u00f6r\u00fcl\u00fcr. Sistit tan\u0131s\u0131 konulmas\u0131 i\u00e7in bu \u015fikayetlerin bir ya da<\/p>\n\n\n\n<h5 class=\"wp-block-heading\">S\u0130GARANIN ZARARLARI VE BIRAKMA Y\u00d6NTEMLER\u0130<\/h5>\n\n\n\n<p>Sigara v\u00fccudumuzun hemen hemen her b\u00f6lgesine zarar veren k\u00f6t\u00fc bir al\u0131\u015fkanl\u0131kt\u0131r. Bir tiryaki i\u00e7in sigaray\u0131 b\u0131rakmak olduk\u00e7a zordur. Ancak tiryaki bu zararlar\u0131 okuyup \u00f6\u011frendi\u011fi zaman sigaray\u0131 b\u0131rakma iste\u011fi \u00e7ok daha fazla olacakt\u0131r ve sigaray\u0131 b\u0131rakmas\u0131na yard\u0131mc\u0131 olacakt\u0131r. \u0130\u015fte bu y\u00fczden sigaray\u0131 b\u0131rakmaya karar verildi\u011fi takdirde \u00f6nce sigaran\u0131n t\u00fcm zararlar\u0131ndan bilgi sahibi olmak gerekir.&nbsp; Sigara; akci\u011fer kanseri, g\u0131rtlak<\/p>\n\n\n\n<h5 class=\"wp-block-heading\">\u00c7OCUKLARDA GECELER\u0130 ALTINI ISLATMA SEBEPLER\u0130 VE A\u0130LELER\u0130N YAPMASI GEREKENLER<\/h5>\n\n\n\n<h5 class=\"wp-block-heading\"><strong>Geceleri ka\u00e7\u0131rma \u00e7ocuklarda g\u00f6r\u00fclebilen bir durumdur. Ancak be\u015f ya\u015f\u0131na gelen bir \u00e7ocuk hala geceleri alt\u0131na idrar ka\u00e7\u0131r\u0131yor ise buna en\u00fcrezis nokt\u00fcrna denilir ve bu \u00e7ocuklar\u0131n t\u0131bbi tedavi almas\u0131 gerekir. Erkek \u00e7ocuklar\u0131nda k\u0131z \u00e7ocuklara g\u00f6re iki kat daha fazla g\u00f6r\u00fcl\u00fcr. \u00c7ocuklarda gece alt\u0131n\u0131 \u0131slatmalar\u0131 toplumda bilinenin aksine psikolojik de\u011fildir. Bu \u00e7ocuklar\u0131n %98\u2019in de anatomik<\/strong><\/h5>\n\n\n\n<h5 class=\"wp-block-heading\">ADET \u00d6NCES\u0130 D\u00d6NEM GERG\u0130NL\u0130\u011e\u0130NDE KOCAYA D\u00dc\u015eEN G\u00d6REVLER<\/h5>\n\n\n\n<p>Adet g\u00f6ren kad\u0131nlar\u0131n adet \u00f6ncesindeki bir hafta psikolojik ve fizyolojik de\u011fi\u015fikliklerin oldu\u011fu bir d\u00f6nemdir. Bu d\u00f6nemde kad\u0131nlar\u0131n psikolojik yap\u0131lar\u0131 olumsuz y\u00f6nde etkilenir, fizyolojik de\u011fi\u015fimler de buna eklenir. Bu d\u00f6nem \u00fcreme \u00e7a\u011f\u0131ndaki kad\u0131nlar\u0131n hayat kalitelerinin bozuldu\u011fu d\u00f6nemdir. T\u0131p da bu de\u011fi\u015fikliklere premenstr\u00fcel sendrom yada k\u0131sa ad\u0131 ile PMS denir. &nbsp;Adetin ba\u015flamas\u0131 ile birlikte \u015fikayetler azal\u0131r ve birka\u00e7 g\u00fcn<\/p>\n","protected":false},"excerpt":{"rendered":"<p>Ya\u015fam ko\u00e7una kimler gider? S\u0131k\u0131lm\u0131\u015f, bunalm\u0131\u015f, ayn\u0131 sonu\u00e7lardan b\u0131km\u0131\u015f ki\u015filer, Kendini ger\u00e7ekle\u015ftirmek ve yat\u0131r\u0131m yapmak isteyenler, Bir \u015feyleri de\u011fi\u015ftirmek isteyen, ancak de\u011fi\u015ftirecekleri \u015feyi bulamayanlar, Duygular\u0131na hakim olmak ve potansiyelinin fark\u0131na varmak isteyen ki\u015filer, ya\u015fam ko\u00e7una gider. KONU\u015eMA BOZUKLUKLARI VE NEDENLER\u0130 Kekemelik, konu\u015fma esnas\u0131nda kelimeler aras\u0131nda duraksamalar, hecelerin uzat\u0131lmas\u0131 ve tekrarlanmas\u0131 ile ortaya \u00e7\u0131kan konu\u015fma ak\u0131\u015f\u0131nda [&hellip;]<\/p>\n","protected":false},"author":1,"featured_media":0,"parent":0,"menu_order":0,"comment_status":"closed","ping_status":"closed","template":"","meta":{"footnotes":""},"class_list":["post-76","page","type-page","status-publish","hentry"],"_links":{"self":[{"href":"https:\/\/www.osmancaner.com\/index.php\/wp-json\/wp\/v2\/pages\/76","targetHints":{"allow":["GET"]}}],"collection":[{"href":"https:\/\/www.osmancaner.com\/index.php\/wp-json\/wp\/v2\/pages"}],"about":[{"href":"https:\/\/www.osmancaner.com\/index.php\/wp-json\/wp\/v2\/types\/page"}],"author":[{"embeddable":true,"href":"https:\/\/www.osmancaner.com\/index.php\/wp-json\/wp\/v2\/users\/1"}],"replies":[{"embeddable":true,"href":"https:\/\/www.osmancaner.com\/index.php\/wp-json\/wp\/v2\/comments?post=76"}],"version-history":[{"count":3,"href":"https:\/\/www.osmancaner.com\/index.php\/wp-json\/wp\/v2\/pages\/76\/revisions"}],"predecessor-version":[{"id":91,"href":"https:\/\/www.osmancaner.com\/index.php\/wp-json\/wp\/v2\/pages\/76\/revisions\/91"}],"wp:attachment":[{"href":"https:\/\/www.osmancaner.com\/index.php\/wp-json\/wp\/v2\/media?parent=76"}],"curies":[{"name":"wp","href":"https:\/\/api.w.org\/{rel}","templated":true}]}}