{"id":70,"date":"2025-10-10T06:50:51","date_gmt":"2025-10-10T06:50:51","guid":{"rendered":"http:\/\/www.osmancaner.com\/?page_id=70"},"modified":"2025-10-10T09:28:19","modified_gmt":"2025-10-10T09:28:19","slug":"bioenerji-kimlere-yapilir","status":"publish","type":"page","link":"https:\/\/www.osmancaner.com\/index.php\/bioenerji-kimlere-yapilir\/","title":{"rendered":"Bioenerji kimlere yap\u0131l\u0131r?"},"content":{"rendered":"\n<p><strong>Bioenerji kimlere yap\u0131l\u0131r?<\/strong><\/p>\n\n\n\n<p>Bioenerji, her bireyin ya\u015fam enerjisi dengesini sa\u011flamaya yard\u0131mc\u0131 olan do\u011fal bir y\u00f6ntemdir. Seanslar halinde uygulanan bu tedavi, <strong>psikolojik ve fiziksel rahats\u0131zl\u0131klar\u0131 olanlara<\/strong> rahatl\u0131kla yap\u0131labilir. Tedavi s\u00fcreci, \u00f6zel olarak haz\u0131rlanan bir masada yatan hastan\u0131n \u00fczerinde ger\u00e7ekle\u015ftirilir.<\/p>\n\n\n\n<figure class=\"wp-block-image size-full is-resized\"><img loading=\"lazy\" decoding=\"async\" width=\"275\" height=\"183\" src=\"https:\/\/www.osmancaner.com\/wp-content\/uploads\/2025\/10\/koclukkk.jpg\" alt=\"\" class=\"wp-image-82\" style=\"width:340px;height:auto\"\/><\/figure>\n","protected":false},"excerpt":{"rendered":"<p>Bioenerji kimlere yap\u0131l\u0131r? Bioenerji, her bireyin ya\u015fam enerjisi dengesini sa\u011flamaya yard\u0131mc\u0131 olan do\u011fal bir y\u00f6ntemdir. Seanslar halinde uygulanan bu tedavi, psikolojik ve fiziksel rahats\u0131zl\u0131klar\u0131 olanlara rahatl\u0131kla yap\u0131labilir. Tedavi s\u00fcreci, \u00f6zel olarak haz\u0131rlanan bir masada yatan hastan\u0131n \u00fczerinde ger\u00e7ekle\u015ftirilir.<\/p>\n","protected":false},"author":1,"featured_media":0,"parent":0,"menu_order":0,"comment_status":"closed","ping_status":"closed","template":"","meta":{"footnotes":""},"class_list":["post-70","page","type-page","status-publish","hentry"],"_links":{"self":[{"href":"https:\/\/www.osmancaner.com\/index.php\/wp-json\/wp\/v2\/pages\/70","targetHints":{"allow":["GET"]}}],"collection":[{"href":"https:\/\/www.osmancaner.com\/index.php\/wp-json\/wp\/v2\/pages"}],"about":[{"href":"https:\/\/www.osmancaner.com\/index.php\/wp-json\/wp\/v2\/types\/page"}],"author":[{"embeddable":true,"href":"https:\/\/www.osmancaner.com\/index.php\/wp-json\/wp\/v2\/users\/1"}],"replies":[{"embeddable":true,"href":"https:\/\/www.osmancaner.com\/index.php\/wp-json\/wp\/v2\/comments?post=70"}],"version-history":[{"count":2,"href":"https:\/\/www.osmancaner.com\/index.php\/wp-json\/wp\/v2\/pages\/70\/revisions"}],"predecessor-version":[{"id":83,"href":"https:\/\/www.osmancaner.com\/index.php\/wp-json\/wp\/v2\/pages\/70\/revisions\/83"}],"wp:attachment":[{"href":"https:\/\/www.osmancaner.com\/index.php\/wp-json\/wp\/v2\/media?parent=70"}],"curies":[{"name":"wp","href":"https:\/\/api.w.org\/{rel}","templated":true}]}}