{"id":56,"date":"2025-10-10T18:09:44","date_gmt":"2025-10-10T18:09:44","guid":{"rendered":"http:\/\/www.osmancaner.com\/?page_id=56"},"modified":"2025-10-23T06:58:48","modified_gmt":"2025-10-23T06:58:48","slug":"iletisim","status":"publish","type":"page","link":"https:\/\/www.osmancaner.com\/index.php\/iletisim\/","title":{"rendered":"DESTEK"},"content":{"rendered":"\n<p>\u0130LET\u0130\u015e\u0130M <a href=\"http:\/\/www.masteryayincilik.com.tr\/\">www.<strong>masteryayincilik<\/strong>.com.tr<\/a>\u00a0\u2013\u00a0<a href=\"mailto:masteryayincilik@gmail.com\"><strong>masteryayincilik<\/strong>@gmail.com<\/a> \u2013\u00a0<a href=\"mailto:sakaryatelevizyonu@gmail.com\"><strong>sakaryatelevizyonu<\/strong>@gmail.com<\/a><\/p>\n","protected":false},"excerpt":{"rendered":"<p>\u0130LET\u0130\u015e\u0130M www.masteryayincilik.com.tr\u00a0\u2013\u00a0masteryayincilik@gmail.com \u2013\u00a0sakaryatelevizyonu@gmail.com<\/p>\n","protected":false},"author":1,"featured_media":0,"parent":0,"menu_order":0,"comment_status":"closed","ping_status":"closed","template":"","meta":{"footnotes":""},"class_list":["post-56","page","type-page","status-publish","hentry"],"_links":{"self":[{"href":"https:\/\/www.osmancaner.com\/index.php\/wp-json\/wp\/v2\/pages\/56","targetHints":{"allow":["GET"]}}],"collection":[{"href":"https:\/\/www.osmancaner.com\/index.php\/wp-json\/wp\/v2\/pages"}],"about":[{"href":"https:\/\/www.osmancaner.com\/index.php\/wp-json\/wp\/v2\/types\/page"}],"author":[{"embeddable":true,"href":"https:\/\/www.osmancaner.com\/index.php\/wp-json\/wp\/v2\/users\/1"}],"replies":[{"embeddable":true,"href":"https:\/\/www.osmancaner.com\/index.php\/wp-json\/wp\/v2\/comments?post=56"}],"version-history":[{"count":2,"href":"https:\/\/www.osmancaner.com\/index.php\/wp-json\/wp\/v2\/pages\/56\/revisions"}],"predecessor-version":[{"id":129,"href":"https:\/\/www.osmancaner.com\/index.php\/wp-json\/wp\/v2\/pages\/56\/revisions\/129"}],"wp:attachment":[{"href":"https:\/\/www.osmancaner.com\/index.php\/wp-json\/wp\/v2\/media?parent=56"}],"curies":[{"name":"wp","href":"https:\/\/api.w.org\/{rel}","templated":true}]}}