{"id":35,"date":"2025-10-08T11:04:18","date_gmt":"2025-10-08T11:04:18","guid":{"rendered":"http:\/\/www.osmancaner.com\/?page_id=35"},"modified":"2025-10-23T06:56:48","modified_gmt":"2025-10-23T06:56:48","slug":"yasam-koclugu-nedir","status":"publish","type":"page","link":"https:\/\/www.osmancaner.com\/index.php\/yasam-koclugu-nedir\/","title":{"rendered":"Ya\u015fam Ko\u00e7lu\u011fu Nedir?"},"content":{"rendered":"\n<h5 class=\"wp-block-heading\" id=\"Yasam_Koclugu_Nedir\">Ya\u015fam Ko\u00e7lu\u011fu Nedir?<\/h5>\n\n\n\n<p><strong>Ya\u015fam ko\u00e7lu\u011fu<\/strong>, bireylerin potansiyellerini en \u00fcst seviyede kullanmalar\u0131n\u0131 ve hayata dair hedeflerini ger\u00e7ekle\u015ftirmelerini sa\u011flamay\u0131 ama\u00e7layan profesyonel bir rehberlik yard\u0131m\u0131d\u0131r. Ya\u015fam ko\u00e7lu\u011fu daha \u00e7ok ki\u015fisel geli\u015fim ve kariyer planlamas\u0131 \u00fczerine odaklan\u0131r. Bedensel ve ruhsal s\u0131k\u0131nt\u0131larla \u00e7ok fazla ilgilenmez.<\/p>\n\n\n\n<p>Dan\u0131\u015fan\u0131n ihtiya\u00e7 duydu\u011fu konularda farkl\u0131 bak\u0131\u015f a\u00e7\u0131lar\u0131 sunarak i\u00e7indeki potansiyelin a\u00e7\u0131\u011fa \u00e7\u0131kmas\u0131 i\u00e7in cesaretlendirir ve motive eder. Bire bir ilgiye dayal\u0131 bir ili\u015fki bi\u00e7imi olan ya\u015fam ko\u00e7lu\u011fu bireye daha kaliteli bir hayat\u0131n kap\u0131lar\u0131n\u0131 aralar.<\/p>\n\n\n\n<figure class=\"wp-block-image size-full is-resized\"><img loading=\"lazy\" decoding=\"async\" width=\"273\" height=\"184\" src=\"https:\/\/www.osmancaner.com\/wp-content\/uploads\/2025\/10\/kocegitimi.png\" alt=\"\" class=\"wp-image-87\" style=\"width:344px;height:auto\"\/><\/figure>\n","protected":false},"excerpt":{"rendered":"<p>Ya\u015fam Ko\u00e7lu\u011fu Nedir? Ya\u015fam ko\u00e7lu\u011fu, bireylerin potansiyellerini en \u00fcst seviyede kullanmalar\u0131n\u0131 ve hayata dair hedeflerini ger\u00e7ekle\u015ftirmelerini sa\u011flamay\u0131 ama\u00e7layan profesyonel bir rehberlik yard\u0131m\u0131d\u0131r. Ya\u015fam ko\u00e7lu\u011fu daha \u00e7ok ki\u015fisel geli\u015fim ve kariyer planlamas\u0131 \u00fczerine odaklan\u0131r. Bedensel ve ruhsal s\u0131k\u0131nt\u0131larla \u00e7ok fazla ilgilenmez. Dan\u0131\u015fan\u0131n ihtiya\u00e7 duydu\u011fu konularda farkl\u0131 bak\u0131\u015f a\u00e7\u0131lar\u0131 sunarak i\u00e7indeki potansiyelin a\u00e7\u0131\u011fa \u00e7\u0131kmas\u0131 i\u00e7in cesaretlendirir ve [&hellip;]<\/p>\n","protected":false},"author":1,"featured_media":0,"parent":0,"menu_order":0,"comment_status":"closed","ping_status":"closed","template":"","meta":{"footnotes":""},"class_list":["post-35","page","type-page","status-publish","hentry"],"_links":{"self":[{"href":"https:\/\/www.osmancaner.com\/index.php\/wp-json\/wp\/v2\/pages\/35","targetHints":{"allow":["GET"]}}],"collection":[{"href":"https:\/\/www.osmancaner.com\/index.php\/wp-json\/wp\/v2\/pages"}],"about":[{"href":"https:\/\/www.osmancaner.com\/index.php\/wp-json\/wp\/v2\/types\/page"}],"author":[{"embeddable":true,"href":"https:\/\/www.osmancaner.com\/index.php\/wp-json\/wp\/v2\/users\/1"}],"replies":[{"embeddable":true,"href":"https:\/\/www.osmancaner.com\/index.php\/wp-json\/wp\/v2\/comments?post=35"}],"version-history":[{"count":2,"href":"https:\/\/www.osmancaner.com\/index.php\/wp-json\/wp\/v2\/pages\/35\/revisions"}],"predecessor-version":[{"id":88,"href":"https:\/\/www.osmancaner.com\/index.php\/wp-json\/wp\/v2\/pages\/35\/revisions\/88"}],"wp:attachment":[{"href":"https:\/\/www.osmancaner.com\/index.php\/wp-json\/wp\/v2\/media?parent=35"}],"curies":[{"name":"wp","href":"https:\/\/api.w.org\/{rel}","templated":true}]}}