{"id":30,"date":"2025-10-08T11:00:29","date_gmt":"2025-10-08T11:00:29","guid":{"rendered":"http:\/\/www.osmancaner.com\/?page_id=30"},"modified":"2025-10-08T11:00:29","modified_gmt":"2025-10-08T11:00:29","slug":"biyoenerji-gercekten-ise-yariyor-mu","status":"publish","type":"page","link":"https:\/\/www.osmancaner.com\/index.php\/biyoenerji-gercekten-ise-yariyor-mu\/","title":{"rendered":"Biyoenerji ger\u00e7ekten i\u015fe yar\u0131yor mu?"},"content":{"rendered":"\n<p>Biyoenerji ger\u00e7ekten i\u015fe yar\u0131yor mu?<\/p>\n\n\n\n<p>S\u00f6zde bilim say\u0131lmas\u0131na ve g\u00fcn\u00fcm\u00fczde baz\u0131 kurumlarca kullan\u0131lmas\u0131na kar\u015f\u0131n&nbsp;<strong>say\u0131msal (istatistiksel) veriler ve fizyolojik incelemeler bu y\u00f6ntemin etkisinin olmad\u0131\u011f\u0131n\u0131 g\u00f6stermektedir<\/strong>.<\/p>\n","protected":false},"excerpt":{"rendered":"<p>Biyoenerji ger\u00e7ekten i\u015fe yar\u0131yor mu? S\u00f6zde bilim say\u0131lmas\u0131na ve g\u00fcn\u00fcm\u00fczde baz\u0131 kurumlarca kullan\u0131lmas\u0131na kar\u015f\u0131n&nbsp;say\u0131msal (istatistiksel) veriler ve fizyolojik incelemeler bu y\u00f6ntemin etkisinin olmad\u0131\u011f\u0131n\u0131 g\u00f6stermektedir.<\/p>\n","protected":false},"author":1,"featured_media":0,"parent":0,"menu_order":0,"comment_status":"closed","ping_status":"closed","template":"","meta":{"footnotes":""},"class_list":["post-30","page","type-page","status-publish","hentry"],"_links":{"self":[{"href":"https:\/\/www.osmancaner.com\/index.php\/wp-json\/wp\/v2\/pages\/30","targetHints":{"allow":["GET"]}}],"collection":[{"href":"https:\/\/www.osmancaner.com\/index.php\/wp-json\/wp\/v2\/pages"}],"about":[{"href":"https:\/\/www.osmancaner.com\/index.php\/wp-json\/wp\/v2\/types\/page"}],"author":[{"embeddable":true,"href":"https:\/\/www.osmancaner.com\/index.php\/wp-json\/wp\/v2\/users\/1"}],"replies":[{"embeddable":true,"href":"https:\/\/www.osmancaner.com\/index.php\/wp-json\/wp\/v2\/comments?post=30"}],"version-history":[{"count":1,"href":"https:\/\/www.osmancaner.com\/index.php\/wp-json\/wp\/v2\/pages\/30\/revisions"}],"predecessor-version":[{"id":31,"href":"https:\/\/www.osmancaner.com\/index.php\/wp-json\/wp\/v2\/pages\/30\/revisions\/31"}],"wp:attachment":[{"href":"https:\/\/www.osmancaner.com\/index.php\/wp-json\/wp\/v2\/media?parent=30"}],"curies":[{"name":"wp","href":"https:\/\/api.w.org\/{rel}","templated":true}]}}