{"id":28,"date":"2025-10-08T11:00:00","date_gmt":"2025-10-08T11:00:00","guid":{"rendered":"http:\/\/www.osmancaner.com\/?page_id=28"},"modified":"2025-11-01T13:16:36","modified_gmt":"2025-11-01T13:16:36","slug":"biyoenerji-uzmani","status":"publish","type":"page","link":"https:\/\/www.osmancaner.com\/index.php\/biyoenerji-uzmani\/","title":{"rendered":"Biyoenerji uzman\u0131"},"content":{"rendered":"\n<p>Biyoenerji uzman\u0131 veya biyoenerjist,&nbsp;<strong>enerjiyi kullanarak bedenin sa\u011fl\u0131\u011f\u0131n\u0131 iyile\u015ftirmeye \u00e7al\u0131\u015fan bir ki\u015fidir<\/strong>. Biyoenerji, bedende bulunan enerji ak\u0131\u015f\u0131n\u0131n dengelenmesini ve blokajlar\u0131n \u00e7\u00f6z\u00fclmesini hedefler.<\/p>\n\n\n\n<p><strong>Genel Uyar\u0131 !!!<\/strong><\/p>\n\n\n\n<p>Quark Enerji \u0130le \u00d6z&#8217;e Yolculuk Uygulay\u0131c\u0131 At\u00f6lye \u00c7al\u0131\u015fmalar\u0131m\u0131zda ki tavsiyelerimiz, anlatt\u0131klar\u0131m\u0131z 1219 Say\u0131l\u0131 Tababet ve \u015euabat\u0131 San&#8217;atlar\u0131n\u0131n Tarz\u0131 \u0130cras\u0131na Dair Kanun kapsam\u0131ndaki sa\u011fl\u0131k meslek mensuplar\u0131n\u0131n tekelinde bulunan TEDAV\u0130 ve di\u011fer t\u0131bbi uygulamalar\u0131n d\u0131\u015f\u0131ndad\u0131r. Kesinlikle tan\u0131 koymuyoruz, tedavi yapm\u0131yoruz. Bizler doktor de\u011filiz. Sa\u011fl\u0131k problemleriniz i\u00e7in mutlaka bir doktora m\u00fcracaat ediniz.<\/p>\n\n\n\n<figure class=\"wp-block-embed is-type-video is-provider-youtube wp-block-embed-youtube wp-embed-aspect-16-9 wp-has-aspect-ratio\"><div class=\"wp-block-embed__wrapper\">\n<iframe loading=\"lazy\" title=\"Bioenerji insan\u0131 iyile\u015ftirir mi? Hasan Kalkan ve Dr. Soner \u00d6zg\u00fcr anlatt\u0131\" width=\"1170\" height=\"658\" src=\"https:\/\/www.youtube.com\/embed\/x-KMoP9tDAs?feature=oembed\" frameborder=\"0\" allow=\"accelerometer; autoplay; clipboard-write; encrypted-media; gyroscope; picture-in-picture; web-share\" referrerpolicy=\"strict-origin-when-cross-origin\" allowfullscreen><\/iframe>\n<\/div><\/figure>\n","protected":false},"excerpt":{"rendered":"<p>Biyoenerji uzman\u0131 veya biyoenerjist,&nbsp;enerjiyi kullanarak bedenin sa\u011fl\u0131\u011f\u0131n\u0131 iyile\u015ftirmeye \u00e7al\u0131\u015fan bir ki\u015fidir. Biyoenerji, bedende bulunan enerji ak\u0131\u015f\u0131n\u0131n dengelenmesini ve blokajlar\u0131n \u00e7\u00f6z\u00fclmesini hedefler. Genel Uyar\u0131 !!! Quark Enerji \u0130le \u00d6z&#8217;e Yolculuk Uygulay\u0131c\u0131 At\u00f6lye \u00c7al\u0131\u015fmalar\u0131m\u0131zda ki tavsiyelerimiz, anlatt\u0131klar\u0131m\u0131z 1219 Say\u0131l\u0131 Tababet ve \u015euabat\u0131 San&#8217;atlar\u0131n\u0131n Tarz\u0131 \u0130cras\u0131na Dair Kanun kapsam\u0131ndaki sa\u011fl\u0131k meslek mensuplar\u0131n\u0131n tekelinde bulunan TEDAV\u0130 ve di\u011fer t\u0131bbi [&hellip;]<\/p>\n","protected":false},"author":1,"featured_media":0,"parent":0,"menu_order":0,"comment_status":"closed","ping_status":"closed","template":"","meta":{"footnotes":""},"class_list":["post-28","page","type-page","status-publish","hentry"],"_links":{"self":[{"href":"https:\/\/www.osmancaner.com\/index.php\/wp-json\/wp\/v2\/pages\/28","targetHints":{"allow":["GET"]}}],"collection":[{"href":"https:\/\/www.osmancaner.com\/index.php\/wp-json\/wp\/v2\/pages"}],"about":[{"href":"https:\/\/www.osmancaner.com\/index.php\/wp-json\/wp\/v2\/types\/page"}],"author":[{"embeddable":true,"href":"https:\/\/www.osmancaner.com\/index.php\/wp-json\/wp\/v2\/users\/1"}],"replies":[{"embeddable":true,"href":"https:\/\/www.osmancaner.com\/index.php\/wp-json\/wp\/v2\/comments?post=28"}],"version-history":[{"count":3,"href":"https:\/\/www.osmancaner.com\/index.php\/wp-json\/wp\/v2\/pages\/28\/revisions"}],"predecessor-version":[{"id":155,"href":"https:\/\/www.osmancaner.com\/index.php\/wp-json\/wp\/v2\/pages\/28\/revisions\/155"}],"wp:attachment":[{"href":"https:\/\/www.osmancaner.com\/index.php\/wp-json\/wp\/v2\/media?parent=28"}],"curies":[{"name":"wp","href":"https:\/\/api.w.org\/{rel}","templated":true}]}}