{"id":25,"date":"2025-10-08T10:57:52","date_gmt":"2025-10-08T10:57:52","guid":{"rendered":"http:\/\/www.osmancaner.com\/?page_id=25"},"modified":"2025-10-10T09:31:09","modified_gmt":"2025-10-10T09:31:09","slug":"online-yasam-koclugu","status":"publish","type":"page","link":"https:\/\/www.osmancaner.com\/index.php\/online-yasam-koclugu\/","title":{"rendered":"Online Ya\u015fam Ko\u00e7lu\u011fu"},"content":{"rendered":"\n<h5 class=\"wp-block-heading\">Online Ya\u015fam Ko\u00e7lu\u011fu<\/h5>\n\n\n\n<p>Online ya\u015fam ko\u00e7lu\u011fu dan\u0131\u015fmanl\u0131\u011f\u0131 ile, ya\u015fam\u0131n\u0131z\u0131 daha anlaml\u0131 hale getirebilir ve hedeflerinize ula\u015fmada rehberlik alabilirsiniz. Uzman ko\u00e7lar\u0131m\u0131z, g\u00fc\u00e7l\u00fc y\u00f6nlerinizi ke\u015ffeder ve engelleri a\u015fman\u0131za yard\u0131mc\u0131 olur.<\/p>\n\n\n\n<figure class=\"wp-block-image size-full is-resized\"><img loading=\"lazy\" decoding=\"async\" width=\"318\" height=\"159\" src=\"https:\/\/www.osmancaner.com\/wp-content\/uploads\/2025\/10\/kocegitim.jpg\" alt=\"\" class=\"wp-image-85\" style=\"width:338px;height:auto\" srcset=\"https:\/\/www.osmancaner.com\/wp-content\/uploads\/2025\/10\/kocegitim.jpg 318w, https:\/\/www.osmancaner.com\/wp-content\/uploads\/2025\/10\/kocegitim-300x150.jpg 300w\" sizes=\"auto, (max-width: 318px) 100vw, 318px\" \/><\/figure>\n","protected":false},"excerpt":{"rendered":"<p>Online Ya\u015fam Ko\u00e7lu\u011fu Online ya\u015fam ko\u00e7lu\u011fu dan\u0131\u015fmanl\u0131\u011f\u0131 ile, ya\u015fam\u0131n\u0131z\u0131 daha anlaml\u0131 hale getirebilir ve hedeflerinize ula\u015fmada rehberlik alabilirsiniz. Uzman ko\u00e7lar\u0131m\u0131z, g\u00fc\u00e7l\u00fc y\u00f6nlerinizi ke\u015ffeder ve engelleri a\u015fman\u0131za yard\u0131mc\u0131 olur.<\/p>\n","protected":false},"author":1,"featured_media":0,"parent":0,"menu_order":0,"comment_status":"closed","ping_status":"closed","template":"","meta":{"footnotes":""},"class_list":["post-25","page","type-page","status-publish","hentry"],"_links":{"self":[{"href":"https:\/\/www.osmancaner.com\/index.php\/wp-json\/wp\/v2\/pages\/25","targetHints":{"allow":["GET"]}}],"collection":[{"href":"https:\/\/www.osmancaner.com\/index.php\/wp-json\/wp\/v2\/pages"}],"about":[{"href":"https:\/\/www.osmancaner.com\/index.php\/wp-json\/wp\/v2\/types\/page"}],"author":[{"embeddable":true,"href":"https:\/\/www.osmancaner.com\/index.php\/wp-json\/wp\/v2\/users\/1"}],"replies":[{"embeddable":true,"href":"https:\/\/www.osmancaner.com\/index.php\/wp-json\/wp\/v2\/comments?post=25"}],"version-history":[{"count":2,"href":"https:\/\/www.osmancaner.com\/index.php\/wp-json\/wp\/v2\/pages\/25\/revisions"}],"predecessor-version":[{"id":86,"href":"https:\/\/www.osmancaner.com\/index.php\/wp-json\/wp\/v2\/pages\/25\/revisions\/86"}],"wp:attachment":[{"href":"https:\/\/www.osmancaner.com\/index.php\/wp-json\/wp\/v2\/media?parent=25"}],"curies":[{"name":"wp","href":"https:\/\/api.w.org\/{rel}","templated":true}]}}