{"id":156,"date":"2025-11-01T13:19:13","date_gmt":"2025-11-01T13:19:13","guid":{"rendered":"https:\/\/www.osmancaner.com\/?page_id=156"},"modified":"2025-11-01T16:56:19","modified_gmt":"2025-11-01T16:56:19","slug":"bioenerjiyi-oyle-bir-anlatti-ki","status":"publish","type":"page","link":"https:\/\/www.osmancaner.com\/index.php\/bioenerjiyi-oyle-bir-anlatti-ki\/","title":{"rendered":"Bioenerjiyi Hasan Kalkan \u00f6yle bir anlatt\u0131 ki!"},"content":{"rendered":"\n<p>Bioenerjiyi \u00f6yle bir anlatt\u0131 ki! T\u00fcm bildiklerinizi unutun! Hasan Kalkan Anlatt\u0131<\/p>\n\n\n\n<p><a href=\"https:\/\/www.youtube.com\/@NeVarNeYokofficial\"><\/a><a href=\"https:\/\/www.youtube.com\/@NeVarNeYokofficial\"><\/a><\/p>\n\n\n\n<figure class=\"wp-block-embed is-type-video is-provider-youtube wp-block-embed-youtube wp-embed-aspect-16-9 wp-has-aspect-ratio\"><div class=\"wp-block-embed__wrapper\">\n<iframe loading=\"lazy\" title=\"Bioenerjiyi \u00f6yle bir anlatt\u0131 ki! T\u00fcm bildiklerinizi unutun! Hasan Kalkan Anlatt\u0131\" width=\"1170\" height=\"658\" src=\"https:\/\/www.youtube.com\/embed\/5I7fJY491rM?feature=oembed\" frameborder=\"0\" allow=\"accelerometer; autoplay; clipboard-write; encrypted-media; gyroscope; picture-in-picture; web-share\" referrerpolicy=\"strict-origin-when-cross-origin\" allowfullscreen><\/iframe>\n<\/div><\/figure>\n\n\n\n<h5 class=\"wp-block-heading\"><strong>Hasan KALKAN Kimdir? <\/strong><\/h5>\n\n\n\n<p><a href=\"https:\/\/www.quarkakademidanismanlik.com.tr\/hasan_kalkan_blog.html\">https:\/\/www.<strong>quarkakademidanismanlik<\/strong>.com.tr <\/a><\/p>\n\n\n\n<p>1974 Antalya do\u011fumluyum. 1994 \u2013 2014 Y\u0131llar\u0131 aras\u0131nda ticaret ile u\u011fra\u015fm\u0131\u015ft\u0131m. Aileden gelen, \u201cOcak K\u00fclt\u00fcr\u00fc\u201d olan biyoenerji konusuyla \u00e7ocuklu\u011fumdan bu yana ilgilenmekteydim.<\/p>\n\n\n\n<p>2014 y\u0131l\u0131ndan bu yana, hayallerimi ger\u00e7ekle\u015ftirerek \u201cBiyoenerji Uygulay\u0131c\u0131s\u0131\u201d ve patenti taraf\u0131ma ait olan &#8220;Quark Enerji \u0130le \u00d6Z&#8217;e Yolculuk Uygulay\u0131c\u0131 At\u00f6lyesi&#8221; \u00e7al\u0131\u015fmalar\u0131m\u0131zda e\u011fitmen olarak devam ediyorum.<\/p>\n\n\n\n<p>2018 y\u0131l\u0131 i\u00e7erisinde de Milli E\u011fitim Bakanl\u0131\u011f\u0131 onayl\u0131 E\u011fitici E\u011fitimi, Sa\u011fl\u0131kl\u0131 ve Zinde Ya\u015fam E\u011fitmeni Sertifikalar\u0131m\u0131 alm\u0131\u015f bulunmaktay\u0131m.<\/p>\n\n\n\n<p>KONS\u0130MDER (\u00d6zel Konya Simya \u0130\u00e7sel D\u00f6n\u00fc\u015f\u00fcm Derne\u011fi) \u2018ne ba\u011fl\u0131 ve kurucu \u00fcyesi olarak, 2018 y\u0131l\u0131 itibariyle Uluslararas\u0131 ge\u00e7erlili\u011fi olan sertifika programlar\u0131 d\u00fczenledik. 2019 Aral\u0131k itibariyle de \u201cKonya Biyoenerji Ara\u015ft\u0131rma Geli\u015ftirme ve E\u011fitim Derne\u011fi&#8221; olarak faaliyetlerimize devam ettik.<\/p>\n\n\n\n<p>2022 y\u0131l\u0131nda ise;<br>\ud83d\udd39Uluslararas\u0131 Biyoenerji Federasyonu<br>\ud83d\udd39Uluslararas\u0131 Biyoenerji Uygulay\u0131c\u0131lar\u0131 Federasyonu<br>\ud83d\udd39Biyoenerji Federasyonu<br>Olarak kurdu\u011fumuz \u00fc\u00e7 federasyonun akabinde D\u00fcnya&#8217;da ve T\u00fcrkiye&#8217;de bir ilke imza atarak ULUSLARARASI B\u0130YOENERJ\u0130 KONFEDERASYONU&#8217;nun kurulmas\u0131na \u00f6nc\u00fcl\u00fck ederek At\u00f6lye \u00e7al\u0131\u015fmalar\u0131m\u0131z\u0131 ULUSLARARASI B\u0130YOENERJ\u0130 KONFEDERASYON&#8217;undan onayl\u0131 2 sertifika ile ta\u00e7land\u0131rd\u0131k.<\/p>\n\n\n\n<p>Bu g\u00fcne kadar binlerce ki\u015fiye bireysel seans uygulam\u0131\u015f ve 2000 i ge\u00e7kin ki\u015fide At\u00f6lye \u00e7al\u0131\u015fmalar\u0131m\u0131za kat\u0131l\u0131m sa\u011flam\u0131\u015ft\u0131r.<\/p>\n\n\n\n<p>E\u011fitmen olmam\u0131z \u00f6\u011frencilik hayat\u0131m\u0131z\u0131 bitirmedi elbette, 2022 y\u0131l\u0131nda Davran\u0131\u015f Bilimlerinde Doktora \u00e7al\u0131\u015fmam\u0131 tamamlad\u0131m. Yine T\u00fcrkiye de bir ilki ya\u015fayarak, yurtd\u0131\u015f\u0131na ba\u011fl\u0131 bir \u00fcniversite de Biyoenerji Lisans b\u00f6l\u00fcm\u00fcnde hocal\u0131k teklifiyle akademisyenli\u011fe de ad\u0131m atm\u0131\u015f oldum. \u015euan Biyoenerji Lisans \u00f6\u011frencilerimle birlikte, Biyoenerjinin t\u00fcm alanlar\u0131na y\u00f6nelik \u00e7al\u0131\u015fmalar yaparak, makale \u00e7al\u0131\u015fmalar\u0131na a\u011f\u0131rl\u0131k veriyoruz.<\/p>\n\n\n\n<p>Quark Enerji Ailemin her bir ferdinden yeni bir \u015fey \u00f6\u011frenerek Hak yolunda daim kalarak, \u00f6\u011frencili\u011fe ve e\u011fitmenli\u011fe devam ediyoruz.<\/p>\n\n\n\n<p>Kulun g\u00f6n\u00fcl g\u00f6z\u00fc g\u00f6rmedik\u00e7e,<br>ba\u015f\u0131m\u0131zdaki g\u00f6z\u00fcn g\u00f6rmesinin<br>bir anlam\u0131 yoktur.<br><strong>Yunus EMRE<\/strong><\/p>\n","protected":false},"excerpt":{"rendered":"<p>Bioenerjiyi \u00f6yle bir anlatt\u0131 ki! T\u00fcm bildiklerinizi unutun! Hasan Kalkan Anlatt\u0131 Hasan KALKAN Kimdir? https:\/\/www.quarkakademidanismanlik.com.tr 1974 Antalya do\u011fumluyum. 1994 \u2013 2014 Y\u0131llar\u0131 aras\u0131nda ticaret ile u\u011fra\u015fm\u0131\u015ft\u0131m. Aileden gelen, \u201cOcak K\u00fclt\u00fcr\u00fc\u201d olan biyoenerji konusuyla \u00e7ocuklu\u011fumdan bu yana ilgilenmekteydim. 2014 y\u0131l\u0131ndan bu yana, hayallerimi ger\u00e7ekle\u015ftirerek \u201cBiyoenerji Uygulay\u0131c\u0131s\u0131\u201d ve patenti taraf\u0131ma ait olan &#8220;Quark Enerji \u0130le \u00d6Z&#8217;e Yolculuk [&hellip;]<\/p>\n","protected":false},"author":1,"featured_media":0,"parent":0,"menu_order":0,"comment_status":"closed","ping_status":"closed","template":"","meta":{"footnotes":""},"class_list":["post-156","page","type-page","status-publish","hentry"],"_links":{"self":[{"href":"https:\/\/www.osmancaner.com\/index.php\/wp-json\/wp\/v2\/pages\/156","targetHints":{"allow":["GET"]}}],"collection":[{"href":"https:\/\/www.osmancaner.com\/index.php\/wp-json\/wp\/v2\/pages"}],"about":[{"href":"https:\/\/www.osmancaner.com\/index.php\/wp-json\/wp\/v2\/types\/page"}],"author":[{"embeddable":true,"href":"https:\/\/www.osmancaner.com\/index.php\/wp-json\/wp\/v2\/users\/1"}],"replies":[{"embeddable":true,"href":"https:\/\/www.osmancaner.com\/index.php\/wp-json\/wp\/v2\/comments?post=156"}],"version-history":[{"count":8,"href":"https:\/\/www.osmancaner.com\/index.php\/wp-json\/wp\/v2\/pages\/156\/revisions"}],"predecessor-version":[{"id":166,"href":"https:\/\/www.osmancaner.com\/index.php\/wp-json\/wp\/v2\/pages\/156\/revisions\/166"}],"wp:attachment":[{"href":"https:\/\/www.osmancaner.com\/index.php\/wp-json\/wp\/v2\/media?parent=156"}],"curies":[{"name":"wp","href":"https:\/\/api.w.org\/{rel}","templated":true}]}}