{"id":149,"date":"2025-11-01T13:08:41","date_gmt":"2025-11-01T13:08:41","guid":{"rendered":"https:\/\/www.osmancaner.com\/?page_id=149"},"modified":"2025-11-01T13:08:42","modified_gmt":"2025-11-01T13:08:42","slug":"elektromanyetik-alanlar-ve-bioenerji-olgusu","status":"publish","type":"page","link":"https:\/\/www.osmancaner.com\/index.php\/elektromanyetik-alanlar-ve-bioenerji-olgusu\/","title":{"rendered":"Elektromanyetik Alanlar ve Bioenerji Olgusu"},"content":{"rendered":"\n<h5 class=\"wp-block-heading\">Elektromanyetik Alanlar ve Bioenerji Olgusu<\/h5>\n\n\n\n<p>Elektromanyetik enerji geni\u015f bir frekans aral\u0131\u011f\u0131nda tan\u0131mlanmakta ve her frekans aral\u0131\u011f\u0131nda varl\u0131\u011f\u0131n\u0131 farkl\u0131 \u015fekilde hissettirmektedir. \u0130nsanl\u0131k tarihi d\u00fc\u015f\u00fcn\u00fcld\u00fc\u011f\u00fcnde, elektri\u011fin ke\u015ffi ve elektrik-elektronik tabanl\u0131 cihazlar\u0131n varl\u0131\u011f\u0131 \u00e7ok eski de\u011fildir. \u0130nsano\u011flu kendi meydana getirdi\u011fi cihazlar nedeniyle as\u0131rlard\u0131r daha \u00f6nce al\u0131\u015f\u0131k olmad\u0131\u011f\u0131 frekansta elektromanyetik alan ve dalgalara maruz kalmaktad\u0131r. Buna ba\u011fl\u0131 olarak, bu alanlar\u0131n insanlara zararl\u0131 etkileri olabilece\u011fi tezi \u00fczerine bir\u00e7ok \u00e7al\u0131\u015fma yap\u0131lm\u0131\u015f ve yap\u0131lmaktad\u0131r. Yap\u0131lan \u00e7al\u0131\u015fmalar\u0131n kayda de\u011fer sonu\u00e7lar\u0131 bulunmakla birlikte, genel anlamda hen\u00fcz fazla say\u0131da \u00e7\u0131kt\u0131 ve yarg\u0131 ortaya koymak m\u00fcmk\u00fcn olmam\u0131\u015ft\u0131r. Bu \u00e7al\u0131\u015fma, s\u00fcregelen bir\u00e7ok \u00e7al\u0131\u015fmadan farkl\u0131 olarak, elektromanyetik enerjinin zararl\u0131 etkileri olabilece\u011fi yan\u0131nda baz\u0131 frekanslarda faydal\u0131 etkilerinin de olabilece\u011fi tezini destekleyen bulgular\u0131n ortaya konmas\u0131 amac\u0131yla meydana getirilmi\u015ftir<\/p>\n","protected":false},"excerpt":{"rendered":"<p>Elektromanyetik Alanlar ve Bioenerji Olgusu Elektromanyetik enerji geni\u015f bir frekans aral\u0131\u011f\u0131nda tan\u0131mlanmakta ve her frekans aral\u0131\u011f\u0131nda varl\u0131\u011f\u0131n\u0131 farkl\u0131 \u015fekilde hissettirmektedir. \u0130nsanl\u0131k tarihi d\u00fc\u015f\u00fcn\u00fcld\u00fc\u011f\u00fcnde, elektri\u011fin ke\u015ffi ve elektrik-elektronik tabanl\u0131 cihazlar\u0131n varl\u0131\u011f\u0131 \u00e7ok eski de\u011fildir. \u0130nsano\u011flu kendi meydana getirdi\u011fi cihazlar nedeniyle as\u0131rlard\u0131r daha \u00f6nce al\u0131\u015f\u0131k olmad\u0131\u011f\u0131 frekansta elektromanyetik alan ve dalgalara maruz kalmaktad\u0131r. Buna ba\u011fl\u0131 olarak, bu [&hellip;]<\/p>\n","protected":false},"author":1,"featured_media":0,"parent":0,"menu_order":0,"comment_status":"closed","ping_status":"closed","template":"","meta":{"footnotes":""},"class_list":["post-149","page","type-page","status-publish","hentry"],"_links":{"self":[{"href":"https:\/\/www.osmancaner.com\/index.php\/wp-json\/wp\/v2\/pages\/149","targetHints":{"allow":["GET"]}}],"collection":[{"href":"https:\/\/www.osmancaner.com\/index.php\/wp-json\/wp\/v2\/pages"}],"about":[{"href":"https:\/\/www.osmancaner.com\/index.php\/wp-json\/wp\/v2\/types\/page"}],"author":[{"embeddable":true,"href":"https:\/\/www.osmancaner.com\/index.php\/wp-json\/wp\/v2\/users\/1"}],"replies":[{"embeddable":true,"href":"https:\/\/www.osmancaner.com\/index.php\/wp-json\/wp\/v2\/comments?post=149"}],"version-history":[{"count":1,"href":"https:\/\/www.osmancaner.com\/index.php\/wp-json\/wp\/v2\/pages\/149\/revisions"}],"predecessor-version":[{"id":151,"href":"https:\/\/www.osmancaner.com\/index.php\/wp-json\/wp\/v2\/pages\/149\/revisions\/151"}],"wp:attachment":[{"href":"https:\/\/www.osmancaner.com\/index.php\/wp-json\/wp\/v2\/media?parent=149"}],"curies":[{"name":"wp","href":"https:\/\/api.w.org\/{rel}","templated":true}]}}