{"id":146,"date":"2025-11-01T13:07:44","date_gmt":"2025-11-01T13:07:44","guid":{"rendered":"https:\/\/www.osmancaner.com\/?page_id=146"},"modified":"2025-11-01T13:07:44","modified_gmt":"2025-11-01T13:07:44","slug":"etik-kurallar","status":"publish","type":"page","link":"https:\/\/www.osmancaner.com\/index.php\/etik-kurallar\/","title":{"rendered":"Etik Kurallar"},"content":{"rendered":"\n<h4 class=\"wp-block-heading\">Etik Kurallar<\/h4>\n\n\n\n<p>Biyoenerji ilmine g\u00f6n\u00fcl veren, biyoenerji t\u0131bb\u0131n\u0131 uygulayabilmek i\u00e7in kendini bu bilime adayan ki\u015finin, \u015fifa olabilmek i\u00e7in kendisine m\u00fcracaat eden kimselerin v\u00fccutlar\u0131na tam bir akort verebilmesi gerekir.<br>Bu \u00e7etin ve k\u0131ymetli e\u011fitim yolunda biyoenerji \u00f6\u011frencisi a\u015fa\u011f\u0131daki vas\u0131flar\u0131 kazanabilmek i\u00e7in kendisiyle \u00e7ok ciddi bir m\u00fccadeleye girmek mecburiyetindedir. Bu itibarla bir biyoenerjisti ancak sahip olmas\u0131 gereken vas\u0131flar\u0131yla tan\u0131mlayabiliriz: 1. \u0130nsan\u0131 ve insan v\u00fccudunu iyi tan\u0131mak i\u00e7in s\u00fcrekli bir \u00f6\u011frenme s\u00fcrecindedir. 2. D\u00fc\u015f\u00fcncesi hudut tan\u0131maz. 3. Ger\u00e7ek anlamda h\u00fcr d\u00fc\u015f\u00fcnce sahibidir. 4. \u0130nsana ve tabiata son derece sayg\u0131l\u0131d\u0131r. 5. Muhatap oldu\u011fu ki\u015filere kim olurlarsa olsunlar h\u00fcrmetle, \u015fefkatle, sevgiyle ve \u00f6zellikle de merhametle yakla\u015fabilecek seviyede y\u00fcksek bir idrake ula\u015fm\u0131\u015ft\u0131r. 6. B\u00fct\u00fcn ihtisaslara sayg\u0131l\u0131d\u0131r. Eme\u011fin de\u011ferini, bir bilim veya sanat dal\u0131na y\u0131llar\u0131n\u0131 vermenin \u00e7ok y\u00fcksek olan k\u0131ymetini en iyi derecede takdir eder. 7. \u00d6fke, k\u0131skan\u00e7l\u0131k, ihtiras ve samimiyetsizlik gibi ki\u015fisel negatiflerin hi\u00e7bir zaman i\u00e7inde olmaz.<\/p>\n\n\n\n<figure class=\"wp-block-image\"><img decoding=\"async\" src=\"https:\/\/quarkakademidanismanlik.com.tr\/img\/photography\/etik_kurallar.jpeg\" alt=\"\"\/><\/figure>\n\n\n\n<p>8. Toplumda ne kadar y\u00fckselirse y\u00fckselsin, asla kendisine verilen makam\u0131 \u00f6n planda tutmaz. Tam tersine unvandan, makamdan, r\u00fctbeden daima ka\u00e7ar. 9. En b\u00fcy\u00fck ele\u015ftiriyi kendi \u015fahs\u0131na yapan ki\u015fidir. Ba\u015fkalar\u0131nca kendisine y\u00f6neltilen ele\u015ftirileri ise \u00f6fkeden uzak, k\u0131r\u0131lmadan, adaletle ve te\u015fekk\u00fcr hissiyle kabul eder, bunlardan yararlanmaya \u00e7al\u0131\u015f\u0131r. 10. Daima yenilik pe\u015findedir, bilimin sonu olamayaca\u011f\u0131na kesinlikle inan\u0131r. Kendi bilgi ve tatbikatlar\u0131ndaki ba\u015far\u0131 seviyesini asla yeterli saymaz. 11. Toplum i\u00e7in, tabiat i\u00e7in, kendisi i\u00e7in her zaman olumlu ki\u015filiktir. 12. Gurur ve kibir halinin tamamen d\u0131\u015f\u0131ndad\u0131r. \u00d6v\u00fclmeyi sevmez, halk\u0131n iltifat\u0131n\u0131 dinlemekten ho\u015flanmaz. \u00d6v\u00fclmeyi sevmenin; insan\u0131 k\u00f6r ve sa\u011f\u0131r etti\u011fini kavram\u0131\u015f olan ki\u015fidir. 13. Daima sadelik i\u00e7erisindedir. G\u00f6steri\u015ften uzakt\u0131r. \u0130lim ile g\u00f6steri\u015fin asla bir arada bulunamayaca\u011f\u0131n\u0131 bilir. Bir yerde g\u00f6steri\u015f \u00e7abas\u0131 varsa orada ilim yoktur. 14. \u0130\u00e7 varl\u0131k bak\u0131m\u0131ndan \u00e7ocuksu, daima ne\u015feli ve esprili bir ki\u015filik olmal\u0131d\u0131r. 15. Ba\u015faramamaktan korkarak gayretlerinde noksanl\u0131k b\u0131rakanlar\u0131n, yani yeterince \u00e7al\u0131\u015fmayanlar\u0131n ba\u015far\u0131 beklemeye haklar\u0131 olmad\u0131\u011f\u0131na kesin olarak inanm\u0131\u015ft\u0131r.<\/p>\n","protected":false},"excerpt":{"rendered":"<p>Etik Kurallar Biyoenerji ilmine g\u00f6n\u00fcl veren, biyoenerji t\u0131bb\u0131n\u0131 uygulayabilmek i\u00e7in kendini bu bilime adayan ki\u015finin, \u015fifa olabilmek i\u00e7in kendisine m\u00fcracaat eden kimselerin v\u00fccutlar\u0131na tam bir akort verebilmesi gerekir.Bu \u00e7etin ve k\u0131ymetli e\u011fitim yolunda biyoenerji \u00f6\u011frencisi a\u015fa\u011f\u0131daki vas\u0131flar\u0131 kazanabilmek i\u00e7in kendisiyle \u00e7ok ciddi bir m\u00fccadeleye girmek mecburiyetindedir. Bu itibarla bir biyoenerjisti ancak sahip olmas\u0131 gereken vas\u0131flar\u0131yla [&hellip;]<\/p>\n","protected":false},"author":1,"featured_media":0,"parent":0,"menu_order":0,"comment_status":"closed","ping_status":"closed","template":"","meta":{"footnotes":""},"class_list":["post-146","page","type-page","status-publish","hentry"],"_links":{"self":[{"href":"https:\/\/www.osmancaner.com\/index.php\/wp-json\/wp\/v2\/pages\/146","targetHints":{"allow":["GET"]}}],"collection":[{"href":"https:\/\/www.osmancaner.com\/index.php\/wp-json\/wp\/v2\/pages"}],"about":[{"href":"https:\/\/www.osmancaner.com\/index.php\/wp-json\/wp\/v2\/types\/page"}],"author":[{"embeddable":true,"href":"https:\/\/www.osmancaner.com\/index.php\/wp-json\/wp\/v2\/users\/1"}],"replies":[{"embeddable":true,"href":"https:\/\/www.osmancaner.com\/index.php\/wp-json\/wp\/v2\/comments?post=146"}],"version-history":[{"count":1,"href":"https:\/\/www.osmancaner.com\/index.php\/wp-json\/wp\/v2\/pages\/146\/revisions"}],"predecessor-version":[{"id":148,"href":"https:\/\/www.osmancaner.com\/index.php\/wp-json\/wp\/v2\/pages\/146\/revisions\/148"}],"wp:attachment":[{"href":"https:\/\/www.osmancaner.com\/index.php\/wp-json\/wp\/v2\/media?parent=146"}],"curies":[{"name":"wp","href":"https:\/\/api.w.org\/{rel}","templated":true}]}}