{"id":143,"date":"2025-11-01T13:06:53","date_gmt":"2025-11-01T13:06:53","guid":{"rendered":"https:\/\/www.osmancaner.com\/?page_id=143"},"modified":"2025-11-01T13:06:53","modified_gmt":"2025-11-01T13:06:53","slug":"biyoenerjinin-rahatsizliklarla-iliskisi-nedir","status":"publish","type":"page","link":"https:\/\/www.osmancaner.com\/index.php\/biyoenerjinin-rahatsizliklarla-iliskisi-nedir\/","title":{"rendered":"Biyoenerjinin Rahats\u0131zl\u0131klarla \u0130li\u015fkisi Nedir?"},"content":{"rendered":"\n<h4 class=\"wp-block-heading\">Biyoenerjinin Rahats\u0131zl\u0131klarla \u0130li\u015fkisi Nedir?<\/h4>\n\n\n\n<p>\u015eifa ve \u015fifalanmay\u0131 bir b\u00fct\u00fcn olarak g\u00f6rmemiz gerekmektedir.<br>Modern t\u0131p, biyoenerji, bitkisel tedaviler, bunlar\u0131n her biri s\u00fcrecin birer par\u00e7as\u0131d\u0131r. Sizi \u015fu ya da bu teknik bu ilim\/bilim dal\u0131 iyile\u015ftirmedi, siz kendiniz iyile\u015ftiniz. Hepsinin bir b\u00fct\u00fcn olmas\u0131 sizi buralara getirdi. Sizler de bu s\u00fcre\u00e7te biyoenerji deste\u011fi alabilirsiniz.<\/p>\n\n\n\n<figure class=\"wp-block-image\"><img decoding=\"async\" src=\"https:\/\/quarkakademidanismanlik.com.tr\/img\/photography\/sifa.jpeg\" alt=\"\"\/><\/figure>\n\n\n\n<p>B\u00fct\u00fcnsel metot ile bakt\u0131\u011f\u0131m\u0131zda asl\u0131nda fayda alamayaca\u011f\u0131n\u0131z hi\u00e7 bir durum yok, her konuda \u015fifa sizde i\u015fe yarayacakt\u0131r, bu ka\u00e7\u0131n\u0131lmazd\u0131r.<br>Biyoenerji uyguland\u0131\u011f\u0131nda ki\u015fiye ruhsal olarak bir hafiflik verip, ki\u015finin s\u0131k\u0131nt\u0131l\u0131 oldu\u011fu s\u00fcre\u00e7lerde ya\u015fanan zorluklar\u0131 yenmesine destek olur.<\/p>\n","protected":false},"excerpt":{"rendered":"<p>Biyoenerjinin Rahats\u0131zl\u0131klarla \u0130li\u015fkisi Nedir? \u015eifa ve \u015fifalanmay\u0131 bir b\u00fct\u00fcn olarak g\u00f6rmemiz gerekmektedir.Modern t\u0131p, biyoenerji, bitkisel tedaviler, bunlar\u0131n her biri s\u00fcrecin birer par\u00e7as\u0131d\u0131r. Sizi \u015fu ya da bu teknik bu ilim\/bilim dal\u0131 iyile\u015ftirmedi, siz kendiniz iyile\u015ftiniz. Hepsinin bir b\u00fct\u00fcn olmas\u0131 sizi buralara getirdi. Sizler de bu s\u00fcre\u00e7te biyoenerji deste\u011fi alabilirsiniz. B\u00fct\u00fcnsel metot ile bakt\u0131\u011f\u0131m\u0131zda asl\u0131nda fayda [&hellip;]<\/p>\n","protected":false},"author":1,"featured_media":0,"parent":0,"menu_order":0,"comment_status":"closed","ping_status":"closed","template":"","meta":{"footnotes":""},"class_list":["post-143","page","type-page","status-publish","hentry"],"_links":{"self":[{"href":"https:\/\/www.osmancaner.com\/index.php\/wp-json\/wp\/v2\/pages\/143","targetHints":{"allow":["GET"]}}],"collection":[{"href":"https:\/\/www.osmancaner.com\/index.php\/wp-json\/wp\/v2\/pages"}],"about":[{"href":"https:\/\/www.osmancaner.com\/index.php\/wp-json\/wp\/v2\/types\/page"}],"author":[{"embeddable":true,"href":"https:\/\/www.osmancaner.com\/index.php\/wp-json\/wp\/v2\/users\/1"}],"replies":[{"embeddable":true,"href":"https:\/\/www.osmancaner.com\/index.php\/wp-json\/wp\/v2\/comments?post=143"}],"version-history":[{"count":1,"href":"https:\/\/www.osmancaner.com\/index.php\/wp-json\/wp\/v2\/pages\/143\/revisions"}],"predecessor-version":[{"id":145,"href":"https:\/\/www.osmancaner.com\/index.php\/wp-json\/wp\/v2\/pages\/143\/revisions\/145"}],"wp:attachment":[{"href":"https:\/\/www.osmancaner.com\/index.php\/wp-json\/wp\/v2\/media?parent=143"}],"curies":[{"name":"wp","href":"https:\/\/api.w.org\/{rel}","templated":true}]}}