{"id":140,"date":"2025-11-01T13:05:55","date_gmt":"2025-11-01T13:05:55","guid":{"rendered":"https:\/\/www.osmancaner.com\/?page_id=140"},"modified":"2025-11-01T13:05:55","modified_gmt":"2025-11-01T13:05:55","slug":"biyoelektrik-veya-aura-nedir","status":"publish","type":"page","link":"https:\/\/www.osmancaner.com\/index.php\/biyoelektrik-veya-aura-nedir\/","title":{"rendered":"Biyoelektrik veya Aura Nedir?"},"content":{"rendered":"\n<h2 class=\"wp-block-heading\">Biyoelektrik ve Aura Kavram\u0131<\/h2>\n\n\n\n<p>Canl\u0131 veya cans\u0131z, g\u00f6r\u00fclebilir veya g\u00f6zle g\u00f6r\u00fclemez her \u015feyin bir enerjisi vard\u0131r. Biyoelektrik, canl\u0131 varl\u0131klar\u0131n \u00fcretti\u011fi ve yayd\u0131\u011f\u0131 canl\u0131l\u0131k enerjisi, hayat g\u00fcc\u00fc ya da olu\u015fturduklar\u0131 elektrik enerjisi olarak tan\u0131mlanabilir. Ayn\u0131 zamanda canl\u0131 h\u00fccrelerin \u00e7al\u0131\u015fmas\u0131na e\u015flik eden elektriksel olaylar\u0131n t\u00fcm\u00fcne de biyoelektrik ad\u0131 verilir.<br>Aura, ge\u00e7mi\u015fte paranormal veya soyut anlamda kullan\u0131lan bir terim olup, art\u0131k g\u00fcn\u00fcm\u00fczde \u00f6l\u00e7\u00fclebilir bir kavram haline gelmi\u015ftir. Aura; canl\u0131lar\u0131n bedenlerinden yay\u0131lan, \u0131\u015f\u0131n\u0131mla olu\u015fan ve git gide yay\u0131lan elektromanyetik alan\u0131n ad\u0131d\u0131r. Daha pratik bir ifadeyle insan v\u00fccudunu \u00e7evreleyen elektromanyetik atmosfere aura denir.<br>Nikola Tesla 1890 y\u0131l\u0131nda insan auras\u0131n\u0131 \u00f6l\u00e7ebildi\u011fini ve foto\u011fraflad\u0131\u011f\u0131n\u0131 ifade etmi\u015ftir. Fakat bilim \u00e7evreleri taraf\u0131ndan lay\u0131k\u0131yla idrak edilememi\u015ftir.<\/p>\n\n\n\n<figure class=\"wp-block-image\"><img decoding=\"async\" src=\"https:\/\/quarkakademidanismanlik.com.tr\/img\/photography\/AURA.jpeg\" alt=\"\"\/><\/figure>\n\n\n\n<p>Aura titre\u015fimler halinde \u00e7evremizde mevcuttur ve ki\u015finin ruhsal durumuna g\u00f6re de\u011fi\u015fkenlik g\u00f6sterebilir. Auray\u0131 ifade ederken renkler kullan\u0131l\u0131r. Aura \u00fc\u00e7 boyutlu d\u00fc\u015f\u00fcn\u00fclmelidir. Yani \u00f6n\u00fcm\u00fczde, arkam\u0131zda, her yerimizde bulunur ve eliptik bir \u015fekli vard\u0131r. Aura asl\u0131nda v\u00fccudumuzun yayd\u0131\u011f\u0131 enerji dalgalar\u0131d\u0131r. Ya\u015fayan her cismin b\u00f6yle bir enerjisi vard\u0131r.<br>Hava \u00e7ok s\u0131cakken asfalt yola bakt\u0131\u011f\u0131m\u0131zda \u00fczerinde dalgalanma \u015feklinde \u0131s\u0131y\u0131 g\u00f6r\u00fcr\u00fcz. \u0130\u015fte bizim de buna benzer \u015fekilde bazen \u00e7\u0131plak g\u00f6zle net bir \u015fekilde g\u00f6r\u00fclebilen enerji dalgalar\u0131m\u0131z vard\u0131r.<br>Bu dalgalanmalar baz\u0131 durumlardan etkilenir ve \u015fekil ya da titre\u015fimleri de\u011fi\u015fir. Bunu etkileyen \u00e7ok \u00e7e\u015fitli sebepler vard\u0131r. Fakat bunlardan baz\u0131lar\u0131; beslenme \u015fekli, hareketlilik, oksijen veya karbondioksit miktar\u0131, yorgunluk, uykusuzluk, stres, alkol, ila\u00e7lar, sigara, negatif d\u00fc\u015f\u00fcnce ve davran\u0131\u015flar, uygunsuz psi\u015fik aktivitelerdir.<br>Her rengin karakteristik bir yap\u0131s\u0131 vard\u0131r ve bu yap\u0131lanma aura yorumlamas\u0131nda kullan\u0131ld\u0131\u011f\u0131nda bize ki\u015finin o anki ruh halini anlat\u0131r. Renkler, yap\u0131c\u0131 ve y\u0131k\u0131c\u0131 olabilen bir\u00e7ok duyguyu ifade eder. Sevindirebilir, depresif hissettirebilir, hatta di\u015fi veya erkek olabilir.<\/p>\n","protected":false},"excerpt":{"rendered":"<p>Biyoelektrik ve Aura Kavram\u0131 Canl\u0131 veya cans\u0131z, g\u00f6r\u00fclebilir veya g\u00f6zle g\u00f6r\u00fclemez her \u015feyin bir enerjisi vard\u0131r. Biyoelektrik, canl\u0131 varl\u0131klar\u0131n \u00fcretti\u011fi ve yayd\u0131\u011f\u0131 canl\u0131l\u0131k enerjisi, hayat g\u00fcc\u00fc ya da olu\u015fturduklar\u0131 elektrik enerjisi olarak tan\u0131mlanabilir. Ayn\u0131 zamanda canl\u0131 h\u00fccrelerin \u00e7al\u0131\u015fmas\u0131na e\u015flik eden elektriksel olaylar\u0131n t\u00fcm\u00fcne de biyoelektrik ad\u0131 verilir.Aura, ge\u00e7mi\u015fte paranormal veya soyut anlamda kullan\u0131lan bir terim [&hellip;]<\/p>\n","protected":false},"author":1,"featured_media":0,"parent":0,"menu_order":0,"comment_status":"closed","ping_status":"closed","template":"","meta":{"footnotes":""},"class_list":["post-140","page","type-page","status-publish","hentry"],"_links":{"self":[{"href":"https:\/\/www.osmancaner.com\/index.php\/wp-json\/wp\/v2\/pages\/140","targetHints":{"allow":["GET"]}}],"collection":[{"href":"https:\/\/www.osmancaner.com\/index.php\/wp-json\/wp\/v2\/pages"}],"about":[{"href":"https:\/\/www.osmancaner.com\/index.php\/wp-json\/wp\/v2\/types\/page"}],"author":[{"embeddable":true,"href":"https:\/\/www.osmancaner.com\/index.php\/wp-json\/wp\/v2\/users\/1"}],"replies":[{"embeddable":true,"href":"https:\/\/www.osmancaner.com\/index.php\/wp-json\/wp\/v2\/comments?post=140"}],"version-history":[{"count":1,"href":"https:\/\/www.osmancaner.com\/index.php\/wp-json\/wp\/v2\/pages\/140\/revisions"}],"predecessor-version":[{"id":142,"href":"https:\/\/www.osmancaner.com\/index.php\/wp-json\/wp\/v2\/pages\/140\/revisions\/142"}],"wp:attachment":[{"href":"https:\/\/www.osmancaner.com\/index.php\/wp-json\/wp\/v2\/media?parent=140"}],"curies":[{"name":"wp","href":"https:\/\/api.w.org\/{rel}","templated":true}]}}