{"id":134,"date":"2025-11-01T13:03:01","date_gmt":"2025-11-01T13:03:01","guid":{"rendered":"https:\/\/www.osmancaner.com\/?page_id=134"},"modified":"2025-11-01T13:03:02","modified_gmt":"2025-11-01T13:03:02","slug":"biyoenerji-kavrami","status":"publish","type":"page","link":"https:\/\/www.osmancaner.com\/index.php\/biyoenerji-kavrami\/","title":{"rendered":"Biyoenerji Kavram\u0131"},"content":{"rendered":"\n<p><strong>Biyoenerji Nedir?<\/strong><\/p>\n\n\n\n<p>Biyoenerji kelimesine tan\u0131m olarak bakt\u0131\u011f\u0131m\u0131zda birbirinden farkl\u0131 iki ana ba\u015fl\u0131kla kar\u015f\u0131la\u015f\u0131r\u0131z:<br>-\u0130lki, biyolojik kaynaklardan elde edilen malzemelerden elde edilen ve yenilenebilen enerjidir. D\u00fcnya\u2019 da bununla ilgili \u00e7ok \u00e7e\u015fitli \u00e7al\u0131\u015fmalar yap\u0131lmaktad\u0131r.<br>-\u0130kincisi ve bizi ilgilendiren k\u0131sm\u0131 ise insan\u0131n kendisine ait ruhsal potansiyeli, b\u00fct\u00fcne ait enerjiyi alg\u0131lamas\u0131, ya\u015fama d\u00f6n\u00fck sa\u011fl\u0131k, canl\u0131l\u0131k potansiyeli, ruhsal \u015fifa ve enerji bedene y\u00f6nelik sa\u011falt\u0131md\u0131r.<\/p>\n\n\n\n<p><strong>Biyoenerjinin Tarih\u00e7esi<\/strong><\/p>\n\n\n\n<p>Biyoenerjinin tarihi insan\u0131n kendini tan\u0131mlad\u0131\u011f\u0131 ilk ana kadar dayan\u0131r. Yani insan\u0131n var olu\u015fu enerjiyle ba\u015flam\u0131\u015ft\u0131r. \u0130lk insanlardan bu yana biyoenerji farkl\u0131 k\u00fclt\u00fcrlerde farkl\u0131 \u015fekillerde adland\u0131r\u0131lm\u0131\u015f ve uygulanm\u0131\u015ft\u0131r. Biyoenerji uygulamalar\u0131n\u0131 en \u00fcst d\u00fczeyde uygulayan ve enerjinin s\u0131rr\u0131na vak\u0131f olan \u015fahsiyetler ise ulvi ki\u015filikler olarak kendi tarihlerinde yerlerini alm\u0131\u015flard\u0131r. \u0130slam literat\u00fcr\u00fcnde de, \u00f6zellikle tasavvufta, bunun derin izlerini g\u00f6rmekteyiz. Hakeza peygamberlerin mucizeleri de Allah dostu ki\u015filerin kerametleri de bu s\u0131rra dayanmakta, her ge\u00e7en g\u00fcn ilerleyen ileti\u015fim ve teknoloji sayesinde bunlar\u0131n bir k\u0131sm\u0131na bilimsel a\u00e7\u0131klama da getirilebilmektedir. Bunlardan basit bir \u00f6rnek ise ileride bahsedece\u011fimiz Kirlian cihaz\u0131d\u0131r.<\/p>\n\n\n\n<p><strong>Biyoenerjinin G\u00fcn\u00fcm\u00fczdeki Yeri<\/strong><\/p>\n\n\n\n<p>G\u00fcn\u00fcm\u00fczde, modern bat\u0131 t\u0131bb\u0131n\u0131n ana ak\u0131m\u0131n\u0131n d\u0131\u015f\u0131nda, \u00fczerinde deneysel \u00e7al\u0131\u015fmalar\u0131n pek de yap\u0131lmad\u0131\u011f\u0131, laboratuarlar\u0131n\u0131n ve k\u00fcrs\u00fclerinin ise yeni yeni geli\u015fti\u011fi \u201cgeleneksel\u201d, \u201calternatif\u201d, \u201ctamamlay\u0131c\u0131\u201d, \u201cb\u00fct\u00fcnsel\u201d, \u201cfonksiyonel\u201d gibi \u00f6n adlarla ifade edilen \u00e7ok geni\u015f yelpazede bir alan vard\u0131r. Bu alan modern t\u0131p olarak adland\u0131rd\u0131\u011f\u0131m\u0131z sahas\u0131n\u0131n kapsam\u0131n\u0131n \u00e7ok \u00f6tesinde, sosyal bilimlere de at\u0131fta bulunulan \u00e7ok geni\u015f, insan\u0131n b\u00fct\u00fcn\u00fcne dair bir aland\u0131r. Genel manada \u015fifaya bakt\u0131\u011f\u0131m\u0131zda asl\u0131nda bir y\u00f6ntemin di\u011ferine alternatif veya tamamlay\u0131c\u0131 bir etkisinin olmad\u0131\u011f\u0131, hepsinin bir b\u00fct\u00fcne \u201cdestek\u201d sa\u011flad\u0131\u011f\u0131 g\u00f6r\u00fclmektedir.<br>De\u011fi\u015fen d\u00fcnyada biyoenerji biyo-alan terapileri alt ba\u015fl\u0131\u011f\u0131nda s\u0131n\u0131fland\u0131r\u0131lmakta ve bir\u00e7ok d\u00fcnya \u00fclkesinde alternatif t\u0131p sistemleri kategorisinde yer almakta olup D\u00fcnya Sa\u011fl\u0131k \u00d6rg\u00fct\u00fc (WHO) taraf\u0131ndan tan\u0131nmaktad\u0131r.<\/p>\n\n\n\n<p><strong>Quark Biyoenerji Nedir?<\/strong><\/p>\n\n\n\n<p>1964 y\u0131l\u0131nda Murray Gell- Mann adl\u0131 Amerikal\u0131 bir fizik\u00e7inin ortaya att\u0131\u011f\u0131, teorik olarak daha k\u00fc\u00e7\u00fck par\u00e7alara b\u00f6l\u00fcnemeyen madde par\u00e7ac\u0131klar\u0131na kuark (quark) ad\u0131 verilmi\u015f olup 1969 y\u0131l\u0131nda bu teorisi sayesinde Nobel Fizik \u00d6d\u00fcl\u00fc\u2019 n\u00fc alm\u0131\u015ft\u0131r.<br>Bu teoriden esinlenen enerji terapisti ve e\u011fitimcisi Hasan Kalkan kendi uygulama metotlar\u0131n\u0131n b\u00fct\u00fcn\u00fcne \u201cQuark Biyoenerji\u201d ad\u0131n\u0131 vermi\u015ftir. Burada vurgulanmak istenen konu; evrenin ve onun i\u00e7inde yer alan t\u00fcm unsurlar\u0131n hareket \u015feklinin b\u00fct\u00fcne oranla bir atomun kuarklar\u0131yla olan ili\u015fkisine benzetilmesidir.<\/p>\n\n\n\n<p>Quark Biyoenerjinin Prensipleri<\/p>\n\n\n\n<p>Quark enerji uygulamas\u0131, evrenin sonsuz enerjisi ile insan bedeninin m\u00fckemmel uyumunu standart hale getirmeyi sa\u011flayan benzersiz bir \u015fifa tekni\u011fidir. Bu teknikle insan\u0131n temel kodlar\u0131 ve sistemi yeniden ayarlanarak, evrendeki enerji hatlar\u0131 bedendeki hatlara uyumlan\u0131r. Bu uyumlama enerji bedenimizin ba\u011f\u0131\u015f\u0131kl\u0131k sistemimizi g\u00fc\u00e7lendirip yenilemesine, iyile\u015ftirmesine arac\u0131l\u0131k etmektedir.<br>Sinir sistemimiz, do\u011fadaki enerji dengesine uyum g\u00f6sterecek \u015fekilde programlanm\u0131\u015f oldu\u011fundan, dengenin bozulmamas\u0131 i\u00e7in irademizin d\u0131\u015f\u0131nda reaksiyonlar g\u00f6sterebilmektedir. Ne yaz\u0131k ki, ya\u015fad\u0131\u011f\u0131m\u0131z ortam (hava kirlili\u011fi, hormonlu g\u0131dalar, zararl\u0131 elektromanyetik dalgalar, ozon tabakas\u0131n\u0131n delinmesi vs.) ya\u015fam tarz\u0131m\u0131z (a\u015f\u0131r\u0131 stres, dengesiz beslenme, spor yapamama) ve \u00f6fke, korku, \u00fcz\u00fcnt\u00fc gibi duygular\u0131 i\u00e7imizde bast\u0131rmam\u0131z, enerji dengemizi ciddi \u015fekilde bozabilmektedir.<\/p>\n\n\n\n<p>.<br>Bu a\u015famada; bedenimizin dili olan a\u011fr\u0131, uykusuzluk, \u00e7arp\u0131nt\u0131, terleme, daralma, sinirlilik, yorgunluk, isteksizlik, iktidars\u0131zl\u0131k gibi \u015fikayetler belirmeye ba\u015flar. Meydana gelen bu rahats\u0131zl\u0131klar\u0131n ana nedeni, v\u00fccudumuzdaki biyoenerji dengesinin bozulmas\u0131d\u0131r. Quark enerjiyle, bu dengesizli\u011fi tekrar normal hale getirebilmekteyiz. Enerjimizin dengede olmas\u0131, sadece rahats\u0131zl\u0131klar\u0131n k\u0131sa s\u00fcrede \u015fifa bulmas\u0131 i\u00e7in de\u011fil, ayn\u0131 zamanda olabilecek rahats\u0131zl\u0131klardan korunmak i\u00e7in de gereklidir.<br>V\u00fccudumuzdaki enerji dengesini d\u00fczeltebilir, y\u0131llard\u0131r i\u00e7imizde birikmi\u015f olan stres, korku, tak\u0131nt\u0131, \u00fcz\u00fcnt\u00fc gibi duygular\u0131 ve \u00f6fke tepkisini zarars\u0131z hale getirebiliriz. K\u00f6t\u00fc al\u0131\u015fkanl\u0131klar\u0131m\u0131zdan kurtulmam\u0131z (dengesiz beslenme, sigara, alkol), toksinlerimizden ar\u0131nmam\u0131z (h\u00fccresel ya\u015flanma, enfeksiyon, t\u00fcm\u00f6r, polip, \u00f6dem, sel\u00fclit ile m\u00fccadele) yine enerjimizin dengede olmas\u0131yla m\u00fcmk\u00fcnd\u00fcr. Keza ba\u011f\u0131\u015f\u0131kl\u0131k sistemimizin belirli bir d\u00fczende olmas\u0131 bu sayede ger\u00e7ekle\u015fmektedir.<\/p>\n\n\n\n<p>.<br>V\u00fccut i\u00e7erisinde devaml\u0131 bir titre\u015fim ve d\u00fc\u015f\u00fck voltajl\u0131 elektromanyetik ak\u0131m; bireysel enerji alan\u0131m\u0131z ve enerji sistemimiz vard\u0131r. Fiziksel, zihinsel ve ruhsal \u00fc\u00e7 enerji alan\u0131m\u0131z\u0131n bile\u015fkesiyiz. Evrenden ald\u0131\u011f\u0131m\u0131z, i\u00e7selle\u015ftirdi\u011fimiz bu enerjiye ya\u015fam enerjisi diyoruz. Ya\u015fad\u0131\u011f\u0131m\u0131z ki\u015fisel veya \u00e7evresel negatiflerden (olumsuz duygu ve d\u00fc\u015f\u00fcnceler) dolay\u0131 v\u00fccut strese girer ve enerji bedenimizin de sistemsel ayar\u0131 bozulabilir.<br>Quark enerji uygulamalar\u0131n\u0131n amac\u0131; enerji bedenindeki p\u00fcr\u00fczleri ve blokajlar\u0131 ortadan kald\u0131rmak ve enerjinin do\u011fal ak\u0131\u015f\u0131n\u0131 sa\u011flamakt\u0131r. Bu \u015fekilde sa\u011flanan denge tamamen do\u011fal oldu\u011fu i\u00e7in, bu uygulamalar\u0131n insan bedeni \u00fczerinde yan etkisi s\u00f6z konusu de\u011fildir.<\/p>\n","protected":false},"excerpt":{"rendered":"<p>Biyoenerji Nedir? Biyoenerji kelimesine tan\u0131m olarak bakt\u0131\u011f\u0131m\u0131zda birbirinden farkl\u0131 iki ana ba\u015fl\u0131kla kar\u015f\u0131la\u015f\u0131r\u0131z:-\u0130lki, biyolojik kaynaklardan elde edilen malzemelerden elde edilen ve yenilenebilen enerjidir. D\u00fcnya\u2019 da bununla ilgili \u00e7ok \u00e7e\u015fitli \u00e7al\u0131\u015fmalar yap\u0131lmaktad\u0131r.-\u0130kincisi ve bizi ilgilendiren k\u0131sm\u0131 ise insan\u0131n kendisine ait ruhsal potansiyeli, b\u00fct\u00fcne ait enerjiyi alg\u0131lamas\u0131, ya\u015fama d\u00f6n\u00fck sa\u011fl\u0131k, canl\u0131l\u0131k potansiyeli, ruhsal \u015fifa ve enerji bedene [&hellip;]<\/p>\n","protected":false},"author":1,"featured_media":0,"parent":0,"menu_order":0,"comment_status":"closed","ping_status":"closed","template":"","meta":{"footnotes":""},"class_list":["post-134","page","type-page","status-publish","hentry"],"_links":{"self":[{"href":"https:\/\/www.osmancaner.com\/index.php\/wp-json\/wp\/v2\/pages\/134","targetHints":{"allow":["GET"]}}],"collection":[{"href":"https:\/\/www.osmancaner.com\/index.php\/wp-json\/wp\/v2\/pages"}],"about":[{"href":"https:\/\/www.osmancaner.com\/index.php\/wp-json\/wp\/v2\/types\/page"}],"author":[{"embeddable":true,"href":"https:\/\/www.osmancaner.com\/index.php\/wp-json\/wp\/v2\/users\/1"}],"replies":[{"embeddable":true,"href":"https:\/\/www.osmancaner.com\/index.php\/wp-json\/wp\/v2\/comments?post=134"}],"version-history":[{"count":1,"href":"https:\/\/www.osmancaner.com\/index.php\/wp-json\/wp\/v2\/pages\/134\/revisions"}],"predecessor-version":[{"id":136,"href":"https:\/\/www.osmancaner.com\/index.php\/wp-json\/wp\/v2\/pages\/134\/revisions\/136"}],"wp:attachment":[{"href":"https:\/\/www.osmancaner.com\/index.php\/wp-json\/wp\/v2\/media?parent=134"}],"curies":[{"name":"wp","href":"https:\/\/api.w.org\/{rel}","templated":true}]}}